{"id":321,"date":"2024-04-27T10:40:12","date_gmt":"2024-04-27T09:40:12","guid":{"rendered":"https:\/\/kidde.si\/hr\/?page_id=321"},"modified":"2026-04-15T11:15:08","modified_gmt":"2026-04-15T10:15:08","slug":"splosni-pogoji-poslovanja","status":"publish","type":"page","link":"https:\/\/kidde.si\/hr\/splosni-pogoji-poslovanja\/","title":{"rendered":"Op\u0107i uvjeti poslovanja"},"content":{"rendered":"<p>[et_pb_section fb_built=&#8221;1&#8243; admin_label=&#8221;Hero&#8221; _builder_version=&#8221;4.18.0&#8243; _module_preset=&#8221;default&#8221; locked=&#8221;off&#8221; collapsed=&#8221;on&#8221; global_colors_info=&#8221;{}&#8221;][et_pb_row _builder_version=&#8221;4.25.0&#8243; _module_preset=&#8221;5138c454-be54-4233-bd3b-f8e6a8747976&#8243; locked=&#8221;off&#8221; global_colors_info=&#8221;{}&#8221;][et_pb_column type=&#8221;4_4&#8243; _builder_version=&#8221;4.23.1&#8243; _module_preset=&#8221;73121f80-a3ef-4484-8763-c3f18e3c56d2&#8243; global_colors_info=&#8221;{}&#8221;][et_pb_heading title=&#8221;Razumijevanje na\u0161ih uvjeta&#8221; _builder_version=&#8221;4.25.1&#8243; _module_preset=&#8221;f0c675ea-2574-4d0e-b725-30f8550a8550&#8243; title_level=&#8221;h4&#8243; title_font=&#8221;Cantarell|Fjalla One_weight||on|||||&#8221; title_text_align=&#8221;center&#8221; title_text_color=&#8221;#22577a&#8221; title_font_size=&#8221;14px&#8221; title_letter_spacing=&#8221;1px&#8221; title_line_height=&#8221;1.4em&#8221; title_font_size_tablet=&#8221;13px&#8221; title_font_size_phone=&#8221;13px&#8221; title_font_size_last_edited=&#8221;on|desktop&#8221; locked=&#8221;off&#8221; global_colors_info=&#8221;{%22#22577a%22:%91%22title_text_color%22%93}&#8221;][\/et_pb_heading][et_pb_heading title=&#8221;Op\u0107i uvjeti poslovanja&#8221; _builder_version=&#8221;4.25.1&#8243; _module_preset=&#8221;ddeb8c09-9078-4424-bc15-2efb6572e28e&#8221; title_text_align=&#8221;center&#8221; title_font_size=&#8221;72px&#8221; title_line_height=&#8221;1.15em&#8221; title_font_size_tablet=&#8221;40px&#8221; title_font_size_phone=&#8221;24px&#8221; locked=&#8221;off&#8221; global_colors_info=&#8221;{%22#22577a%22:%91%22title_text_color%22%93}&#8221;][\/et_pb_heading][et_pb_image src=&#8221;https:\/\/kidde.si\/hr\/wp-content\/uploads\/sites\/3\/2024\/04\/0-d984f8f3-8cb9-4e51-be67-3dc8de750e99-1080&#215;600.jpg&#8221; title_text=&#8221;1080&#215;600&#8243; align=&#8221;center&#8221; _builder_version=&#8221;4.27.6&#8243; _module_preset=&#8221;6ed8fd5c-62c5-4100-98c3-7b8b6d2c2ee6&#8243; hover_enabled=&#8221;0&#8243; border_radii=&#8221;on|6px|6px|6px|6px&#8221; box_shadow_style=&#8221;preset4&#8243; box_shadow_horizontal=&#8221;0px&#8221; box_shadow_vertical=&#8221;24px&#8221; box_shadow_blur=&#8221;72px&#8221; box_shadow_spread=&#8221;-12px&#8221; box_shadow_color=&#8221;rgba(0,0,0,0.12)&#8221; locked=&#8221;off&#8221; global_colors_info=&#8221;{}&#8221; alt=&#8221;Op\u010di uvjeti poslovanja&#8221; sticky_enabled=&#8221;0&#8243;][\/et_pb_image][\/et_pb_column][\/et_pb_row][\/et_pb_section][et_pb_section fb_built=&#8221;1&#8243; admin_label=&#8221;Text&#8221; _builder_version=&#8221;4.17.6&#8243; _module_preset=&#8221;default&#8221; locked=&#8221;off&#8221; collapsed=&#8221;on&#8221; global_colors_info=&#8221;{}&#8221;][et_pb_row _builder_version=&#8221;4.17.6&#8243; _module_preset=&#8221;5138c454-be54-4233-bd3b-f8e6a8747976&#8243; global_colors_info=&#8221;{}&#8221;][et_pb_column type=&#8221;4_4&#8243; _builder_version=&#8221;4.16&#8243; _module_preset=&#8221;73121f80-a3ef-4484-8763-c3f18e3c56d2&#8243; global_colors_info=&#8221;{}&#8221;][et_pb_heading title=&#8221;Op\u0107i uvjeti poslovanja&#8221; _builder_version=&#8221;4.25.1&#8243; _module_preset=&#8221;c33f07d9-41e0-421a-8799-5799df695cce&#8221; title_level=&#8221;h2&#8243; title_text_align=&#8221;center&#8221; title_font_size=&#8221;50px&#8221; title_line_height=&#8221;1.2em&#8221; title_font_size_tablet=&#8221;28px&#8221; title_font_size_phone=&#8221;20px&#8221; locked=&#8221;off&#8221; global_colors_info=&#8221;{%22#0e0c19%22:%91%22title_text_color%22,%22title_text_color%22%93}&#8221;][\/et_pb_heading][et_pb_text quote_border_color=&#8221;#57cc99&#8243; _builder_version=&#8221;4.25.1&#8243; _module_preset=&#8221;2c55a9c4-feed-423b-9edb-ae0b5b365cac&#8221; text_font=&#8221;Cantarell|Cantarell_weight|||||||&#8221; text_text_color=&#8221;#3c3a47&#8243; text_font_size=&#8221;16px&#8221; text_line_height=&#8221;1.75em&#8221; link_font=&#8221;|Cantarell_weight|||||||&#8221; link_text_color=&#8221;#22577a&#8221; quote_font=&#8221;Fjalla One|Fjalla One_weight|||||||&#8221; quote_text_color=&#8221;#0e0c19&#8243; header_font=&#8221;Fjalla One|Fjalla One_weight|||||||&#8221; header_text_color=&#8221;#0e0c19&#8243; header_font_size=&#8221;72px&#8221; header_line_height=&#8221;1.15em&#8221; header_2_font=&#8221;Fjalla One|Fjalla One_weight|||||||&#8221; header_2_text_color=&#8221;#0e0c19&#8243; header_2_font_size=&#8221;50px&#8221; header_2_line_height=&#8221;1.2em&#8221; header_3_font=&#8221;Fjalla One|Fjalla One_weight|||||||&#8221; header_3_text_color=&#8221;#0e0c19&#8243; header_3_font_size=&#8221;32px&#8221; header_3_line_height=&#8221;1.3em&#8221; header_4_font=&#8221;Fjalla One|Fjalla One_weight|||||||&#8221; header_4_text_color=&#8221;#0e0c19&#8243; header_4_font_size=&#8221;24px&#8221; header_4_line_height=&#8221;1.4em&#8221; header_5_font=&#8221;Fjalla One|Fjalla One_weight|||||||&#8221; header_5_text_color=&#8221;#0e0c19&#8243; header_5_font_size=&#8221;18px&#8221; header_5_line_height=&#8221;1.4em&#8221; header_6_font=&#8221;Fjalla One|Fjalla One_weight|||||||&#8221; header_6_text_color=&#8221;#0e0c19&#8243; header_6_line_height=&#8221;1.5em&#8221; text_orientation=&#8221;center&#8221; custom_margin=&#8221;||||false|false&#8221; custom_padding=&#8221;0px|||||&#8221; text_font_size_tablet=&#8221;15px&#8221; text_font_size_phone=&#8221;14px&#8221; text_font_size_last_edited=&#8221;on|phone&#8221; header_font_size_tablet=&#8221;40px&#8221; header_font_size_phone=&#8221;24px&#8221; header_font_size_last_edited=&#8221;on|desktop&#8221; header_2_font_size_tablet=&#8221;28px&#8221; header_2_font_size_phone=&#8221;20px&#8221; header_2_font_size_last_edited=&#8221;on|phone&#8221; header_3_font_size_tablet=&#8221;22px&#8221; header_3_font_size_phone=&#8221;17px&#8221; header_3_font_size_last_edited=&#8221;on|phone&#8221; header_4_font_size_tablet=&#8221;18px&#8221; header_4_font_size_phone=&#8221;15px&#8221; header_4_font_size_last_edited=&#8221;on|tablet&#8221; header_5_font_size_tablet=&#8221;15px&#8221; header_5_font_size_phone=&#8221;14px&#8221; header_5_font_size_last_edited=&#8221;on|desktop&#8221; header_6_font_size_tablet=&#8221;13px&#8221; header_6_font_size_phone=&#8221;13px&#8221; header_6_font_size_last_edited=&#8221;on|desktop&#8221; locked=&#8221;off&#8221; global_colors_info=&#8221;{%22#22577a%22:%91%22link_text_color%22%93,%22#0e0c19%22:%91%22header_text_color%22,%22header_4_text_color%22,%22header_3_text_color%22,%22header_2_text_color%22,%22header_5_text_color%22,%22header_6_text_color%22,%22quote_text_color%22%93,%22#3c3a47%22:%91%22text_text_color%22%93,%22#57cc99%22:%91%22quote_border_color%22%93,%22gcid-36fd78a7-34bc-404d-873c-dafa34efaae5%22:%91%22icon_color%22,%22icon_color%22%93}&#8221; body_font_size_tablet=&#8221;15px&#8221; body_font_size_phone=&#8221;14px&#8221; body_font_size_last_edited=&#8221;on|desktop&#8221;]<\/p>\n<p><strong>Op\u0107enito<\/strong><\/p>\n<p>Ovi Op\u0107i uvjeti poslovanja odnose se na prodaju proizvoda objavljenih na web stranici www.kidde.si\/hr MARVIS TRADE doo, Polica 34b, Grosuplje (u daljnjem tekstu: MARVIS TRADE doo). Op\u0107i uvjeti dostupni su na web stranici www.kidde.si\/hr, pa se smatra da je svaki potro\u0161a\u010d koji naru\u010di robu putem web stranice upoznat s njihovim cjelokupnim tekstom. Slanjem narud\u017ebe u bilo kojem obliku smatra se da u cijelosti prihva\u0107ate ove Op\u0107e uvjete poslovanja. Ugovor se mo\u017ee sklopiti samo na hrvatskom jeziku.<\/p>\n<p><strong>Naru\u010divanje proizvoda<\/strong><\/p>\n<p>U tvrtki MARVIS TRADE d.o.o. naru\u010dujete proizvode bez ikakvog rizika. Proizvode mo\u017eete pogledati i testirati u udobnosti vlastitog doma, a ako vam ne odgovaraju u roku od 14 dana od primitka, mo\u017eete ih jednostavno vratiti. Proizvode mo\u017eete naru\u010diti na sljede\u0107e na\u010dine:<br \/>\u2022 Online putem web stranice www.kidde.si\/hr<br \/>\u2022 e-po\u0161tom na adresu: info@marvis-trade.si<br \/>\u2022 putem telefona: 01 427 29 71 ili 041 386 227<br \/>\u2022 po\u0161tom na adresu: MARVIS TRADE d.o.o., Polica 34b, 1290 Grosuplje<\/p>\n<p><strong>Izvr\u0161enje ili odbijanje naloga<\/strong><\/p>\n<p>Prihva\u0107ene narud\u017ebe tretiraju se kao neopozive. U najkra\u0107em mogu\u0107em roku zapo\u010det \u0107emo aktivnosti potrebne za izvr\u0161enje primljenih naloga. Tvrtka MARVIS TRADE d.o.o. zadr\u017eava pravo odbiti narud\u017ebu i obavijestiti klijenta ukoliko utvrdi da ne mo\u017ee izvr\u0161iti narud\u017ebu pod navedenim uvjetima.<\/p>\n<p><strong>Dostava proizvoda<\/strong><\/p>\n<p>Naru\u010dene proizvode \u0107emo pripremiti i poslati na Va\u0161u adresu u dogovorenom roku. Proizvode dostavljamo po\u0161tom ili kurirskom slu\u017ebom DPD-a u prikladnom paketnom pakiranju. Ukoliko niste kod ku\u0107e kada vas posjeti po\u0161tar ili kurir, ostavit \u0107e vam obavijest o prispjeloj po\u0161iljci i mogu\u0107nosti preuzimanja. U slu\u010daju pla\u0107anja pouze\u0107em, kupac snosi tro\u0161kove dostave i naknadu za prijenos kupovnine prema va\u017ee\u0107em cjeniku po\u0161te ili DPD-a. Naru\u010denu robu isporu\u010dit \u0107emo, ako je ikako mogu\u0107e, u uobi\u010dajenom roku isporuke, a to je 1-2 dana od primitka narud\u017ebe. Ukoliko robu nije mogu\u0107e isporu\u010diti unutar uobi\u010dajenog roka isporuke od 1-2 dana, obavijestit \u0107emo Vas o o\u010dekivanom vremenu isporuke u najkra\u0107em mogu\u0107em roku.<\/p>\n<p><strong>Rasprodani proizvodi<\/strong><\/p>\n<p>U pojedinim slu\u010dajevima mo\u017ee se dogoditi da Vam pojedini proizvod ne\u0107emo mo\u0107i isporu\u010diti jer je rasprodan. Molimo za razumijevanje. Uvjereni smo da \u0107ete u na\u0161em asortimanu prona\u0107i zamjenski proizvod.<\/p>\n<p><strong>Osobno preuzimanje proizvoda<\/strong><\/p>\n<p>Uz prethodni dogovor mogu\u0107e je i preuzimanje proizvoda u sjedi\u0161tu MARVIS TRADE d.o.o. na adresi:<br \/>Tvrtka MARVIS TRADE d.o.o.<br \/>Polica 34b<br \/>1290 Grosuplje, Slovenija<\/p>\n<p>U slu\u010daju osobnog preuzimanja proizvoda u sjedi\u0161tu tvrtke ne pla\u0107ate tro\u0161kove dostave.<\/p>\n<p><strong>Cijene<\/strong><\/p>\n<p>Sve cijene navedene na web stranici izra\u017eene su u Eurima i uklju\u010duju porez na dodanu vrijednost. Izdani ra\u010dun sadr\u017ei, osim cijene proizvoda i pripadaju\u0107eg poreza na dodanu vrijednost, i tro\u0161kove pakiranja, dostave i po\u0161tarine. Obveznici PDV-a prilikom narud\u017ebe moraju navesti identifikacijski broj.<\/p>\n<p><strong>Na\u010din pla\u0107anja<\/strong><\/p>\n<p>Naru\u010dene proizvode mo\u017eete platiti na sljede\u0107e na\u010dine:<br \/>\u2022 Pla\u0107anje pouze\u0107em.<br \/>U tom slu\u010daju robu pla\u0107ate gotovinom ili prilo\u017eenom op\u0107om uplatnicom;<br \/>\u2022 Pla\u0107anje putem ra\u010duna (ra\u010dun \u0161aljemo e-mailom, obi\u010dnom po\u0161tom ili faksom). Predra\u010dun vrijedi 8 dana nakon \u010dega se narud\u017eba bri\u0161e iz sustava. Prilikom pla\u0107anja ra\u010duna u pozivu obavezno navesti broj ra\u010duna radi lak\u0161eg pra\u0107enja pla\u0107anja.<br \/>\u2022 PayPal doznakom na ra\u010dun voditelja (Paypal omogu\u0107uje i pla\u0107anje kreditnim karticama). PayPal je podru\u017enica eBaya i posrednik kupac-prodava\u010d. Koristimo ga za prijenos srednjih i malih iznosa online. S vi\u0161e od 133 milijuna korisnika u 106 zemalja diljem svijeta, PayPal je jedan od najve\u0107ih i najpopularnijih sustava za online pla\u0107anje me\u0111u online trgovcima i potro\u0161a\u010dima. PayPal osigurava sve informacije o sudionicima. Financijski podaci po\u0161iljatelja, broj kreditne kartice ili broj ra\u010duna je skriven od primatelja. Time se sprje\u010dava zlouporaba podataka. Kupnja putem PayPal-a za kupca je besplatna. Ponuditelj kupcu izdaje ra\u010dun na trajnom mediju s razvrstane tro\u0161kove. Za pravna lica rok pla\u0107anja je 8 dana. Za prvu narud\u017ebu zahtijevamo pla\u0107anje avansom ili osiguranjem pla\u0107anja. Tako\u0111er zadr\u017eavamo pravo isporuke samo uz pla\u0107anje avansom. Za obveze koje nisu podmirene na vrijeme obra\u010dunavamo zakonske zatezne kamate. U slu\u010daju zaka\u0161njenja s pla\u0107anjem, naplatit \u0107emo Vam i tro\u0161kove opomena te sve tro\u0161kove naplate dospjelih obveza, \u0161to uklju\u010duje i tro\u0161kove odvjetnika te tro\u0161kove sudskih pristojbi i druge pristojbe. Narud\u017ebom proizvoda pristajete na nastanak odgode pla\u0107anja MARVIS TRADE d.o.o. te prema njegovom ovla\u0161tenju tako\u0111er izri\u010dito ovla\u0161\u0107ujete njegovog predstavnika da pribavi sve potrebne podatke o Va\u0161oj imovini i obavi sve upite koji se odnose na Va\u0161e ra\u010dune kod banaka i drugih financijskih institucija te upite o zaposlenju, kao i da MARVIS TRADE d.o.o. te po njegovom ovla\u0161tenju i njegovom opunomo\u0107eniku, te podatke proslje\u0111uje drugim pravnim osobama, u svrhu naplate potra\u017eivanja koja bi MARVIS TRADE d.o.o. Vama od Va\u0161ih nepodmirenih obveza za naru\u010dene proizvode.<\/p>\n<p><strong>Zadr\u017eavanje prava vlasni\u0161tva<\/strong><\/p>\n<p>Zadr\u017eavamo vlasni\u0161tvo nad prodanim proizvodima i oni ostaju vlasni\u0161tvo MARVIS TRADE d.o.o. \u010dak i nakon \u0161to su vam isporu\u010deni, dok ne platite kupoprodajnu cijenu za njih u cijelosti.<\/p>\n<p><strong>Odustajanje od ugovora, povrat proizvoda i povrat upla\u0107enih sredstava<\/strong><\/p>\n<p>Prije primitka robe, a najkasnije 14 dana od narud\u017ebe, mo\u017eete nas pisanim putem obavijestiti da odustajete od narud\u017ebe, a bit \u0107e nam drago da nam navedete razlog svoje odluke. Na taj na\u010din mo\u017eete jednostavno otkazati narud\u017ebu. Ukoliko ste ve\u0107 primili robu i odustajete od ugovora, robu morate vratiti u roku od trideset dana od poruke iz prethodnog stavka na adresu: MARVIS TRADE d.o.o., Polica 34b, 1290 Grosuplje. Povrat proizvoda unutar 14 dana od dana primitka smatra se obavijesti o odustajanju od ugovora. Proizvode morate vratiti neo\u0161te\u0107ene u istoj koli\u010dini i u originalnom, neo\u0161te\u0107enom pakiranju. O\u0161te\u0107eni proizvodi, proizvodi u promijenjenoj koli\u010dini te proizvodi u neoriginalnoj ili o\u0161te\u0107enoj ambala\u017ei ne mogu se vratiti. Proizvode je potrebno vratiti kao paket ili kao preporu\u010deno pismo. Uz proizvode koji se vra\u0107aju potrebno je prilo\u017eiti kopiju ra\u010duna. Ukoliko ste dostavljenu robu ve\u0107 platili, izvr\u0161it \u0107emo povrat kupoprodajne cijene i sva ostala pla\u0107anja koja ste izvr\u0161ili kao rezultat narud\u017ebe i pla\u0107anja vra\u0107enih proizvoda odmah, a najkasnije u roku od trideset dana od primitka poruke. iz stavka prvog ove to\u010dke. U tom slu\u010daju jedini tro\u0161ak koji imate u vezi s odustajanjem od ugovora je izravni tro\u0161ak povrata robe, u slu\u010daju da proizvod vratite u originalnom pakiranju i neo\u0161te\u0107en. Ukoliko proizvod ne radi ispravno ili ne radi prema Va\u0161im o\u010dekivanjima, prvo nazovite na\u0161u tehni\u010dku slu\u017ebu na broj telefona +386 (0)1 427 29 71 ili na GSM +386 (0)41 386 227, gdje \u0107e Vam na\u0161i konzultanti mo\u0107i pomo\u0107i s potrebnim obja\u0161njenjima. Na taj na\u010din \u0107ete izbje\u0107i mogu\u0107u nepravilnu uporabu proizvoda i o\u0161te\u0107enje samog proizvoda, kao i mogu\u0107a o\u0161te\u0107enja drugih stvari. U slu\u010daju povrata proizvoda koji su neispravni i za koje kupac pola\u017ee jamstvo, kupac o svom tro\u0161ku dostavlja ili \u0161alje neispravan proizvod na na\u0161u adresu. Pokrivamo povrat popravljenog ili zamijenjenog proizvoda kupcu. Za proizvode za koje utvrdimo da su o\u0161te\u0107eni zbog pogre\u0161ne ili neprikladne uporabe ne\u0107emo mo\u0107i razmatrati reklamacije. Ukoliko nakon odbijanja reklamacije \u017eelite ponovno preuzeti takav proizvod, mi \u0107emo Vam ga poslati i naplatiti tro\u0161kove dostave, ali takav proizvod mo\u017eete preuzeti na na\u0161oj adresi: MARVIS TRADE doo, Polica 34b, 1290 Grosuplje.<br \/>Potro\u0161a\u010d nema pravo odustati od ugovora iz stavka 1. ove to\u010dke u sljede\u0107im slu\u010dajevima:<\/p>\n<ol>\n<li>kod ugovora \u010diji je predmet roba koja je proizvedena prema to\u010dnim uputama potro\u0161a\u010da, koja je prilago\u0111ena njegovim osobnim potrebama, koja zbog svoje prirode nije prikladna za povrat, koja je kvarljiva ili ve\u0107 su istekle;<br \/>2. kod proizvoda kod kojih se radni vijek po\u010dinje odbrojavati prilikom pokretanja proizvoda (alarm za uglji\u010dni monoksid), a proizvod radi u skladu sa specifikacijom proizvo\u0111a\u010da;<br \/>3. u ugovorima o isporuci audio ili video zapisa ili ra\u010dunalnih programa, knjiga i potro\u0161nog materijala (baterije, \u017earulje&#8230;), ako je potro\u0161a\u010d otvorio sigurnosni pe\u010dat ili ako je originalno pakiranje uklonjeno;<br \/>4. u ugovorima o nabavi novina, \u010dasopisa i periodike;<br \/>5. u ugovorima o nabavi softvera, ra\u010dunalnih igara, CD-a, filmova<\/li>\n<\/ol>\n<p><strong>Jamstvo<\/strong><\/p>\n<p>Za sve proizvode vrijedi jamstvo od 12 mjeseci, a za posebno ozna\u010dene proizvode vrijedi produljeno jamstvo, \u0161to je vidljivo iz dokumentacije koju dobivate prilikom isporuke robe. Jamstvo te\u010de od datuma primitka robe. Jamstvo mo\u017eete ostvariti uz jamstveni list, ra\u010dun i ostale dokumente navedene na ra\u010dunu! Imate nepotvr\u0111eni jamstveni list? Bez brige! U ovom slu\u010daju, sukladno \u010dlanku 18. Zakona o za\u0161titi potro\u0161a\u010da, nema potrebno je da jamstveni list posebno potvrdi prodavatelj. Popravljamo proizvode u MARVIS TRADE d.o.o. obi\u010dno u vrlo kratkom roku vrijeme. Ukoliko popravak traje du\u017ee od 45 dana, proizvod \u0107emo zamijeniti novim, a ako to nije mogu\u0107e, vratit \u0107emo u cijelosti kupovnu cijenu proizvoda.<\/p>\n<p><strong>Za\u0161tita podataka<\/strong><\/p>\n<p>Obvezujemo se da \u0107e osobne podatke dobivene putem web stranice i dalje \u010duvati, \u0161tititi i obra\u0111ivati \u200b\u200bisklju\u010divo od strane tvrtke Marvis trade d.o.o. Sa svim dobivenim osobnim podacima postupat \u0107emo sukladno Zakonu o za\u0161titi osobnih podataka. Va\u0161i su podaci primjereno za\u0161ti\u0107eni od gubitka, uni\u0161tenja, krivotvorenja, manipulacije i neovla\u0161tenog pristupa ili otkrivanja od strane<br \/>tre\u0107e strane. Osobni podaci dobiveni putem web stranice www.marvis.trade.si u svrhu obavljanja online kupnje koriste se isklju\u010divo za potrebe izvr\u0161enja narud\u017ebe i dostave.<br \/>Podaci koje prikupljamo od vas su sljede\u0107i:<br \/>Ime i prezime<br \/>E-mail<br \/>Adresa<br \/>Telefon<br \/>Po \u017eelji: Adresa tvrtke i porezni broj tvrtke<br \/>Svrhe za koje se osobni podaci prikupljaju:<br \/>&#8211; obavijest o statusu naloga,<br \/>&#8211; obavijest o statusu eventualne reklamacije,<br \/>&#8211; odgovor na Va\u0161e pitanje koje ste postavili,<br \/>&#8211; informacije o pogodnostima i popustima te posebnim pogodnostima, o novim proizvodima, o mogu\u0107im doga\u0111anjima, informacije o tijeku eventualne prodajne akcije (nije obavezno)<\/p>\n<p><strong>Obrada osobnih podataka<\/strong><\/p>\n<p>Obrada osobnih podataka je svaki postupak ili niz postupaka koji se provode u vezi s osobnim podacima koji se automatski obra\u0111uju ili su dio zbirke osobnih podataka tijekom ru\u010dne obrade ili su namijenjeni uklju\u010divanju u zbirku osobnih podataka, posebno zbirku, stjecanje, unos, ure\u0111ivanje, pohranjivanje, prilagodba ili izmjena, pronala\u017eenje, pristup, uporaba, otkrivanje prijenosom, komunikacijom, \u0161irenjem ili na drugi na\u010din stavljanje na raspolaganje, klasificiranje ili povezivanje, blokiranje, anonimiziranje, brisanje ili uni\u0161tavanje; obrada mo\u017ee biti ru\u010dna ili automatizirana.<br \/>Va\u0161e osobne podatke obra\u0111ivati \u200b\u200b\u0107e isklju\u010divo Marvis trade d.o.o. i ne\u0107e se proslje\u0111ivati \u200b\u200btre\u0107im osobama. Oni \u0107e kontaktirati kurirsku slu\u017ebu samo za potrebe realizacije same narud\u017ebe. Na omotu paketa pi\u0161e sljede\u0107e:<br \/>Ime i prezime, adresa, po\u0161tanski broj i po\u0161tanska adresa te broj telefona.<br \/>Postupci za osiguranje individualnih prava<br \/>Obavje\u0161tavamo Vas da:<br \/>\u2022 mo\u017eete zatra\u017eiti pristup svojim osobnim podacima<br \/>\u2022 mo\u017eete zatra\u017eiti ispravak osobnih podataka<br \/>\u2022 mo\u017eete zatra\u017eiti blokiranje osobnih podataka<br \/>\u2022 mo\u017eete zatra\u017eiti brisanje osobnih podataka<br \/>\u2022 mo\u017eete zatra\u017eiti ograni\u010denje kori\u0161tenja osobnih podataka<br \/>\u2022 mo\u017eete zatra\u017eiti prijenos osobnih podataka<br \/>\u2022 Marvis trade d.o.o., Polica 34b, Si-1290 Grosuplje ili na e-mail: info@marvis-trade.si.<br \/>\u2022 mo\u017eete podnijeti pritu\u017ebu nadzornom tijelu ako smatrate da se obradom osobnih podataka kr\u0161i Op\u0107a uredba o za\u0161titi podataka.<br \/>Tvrtka Marvis trade d.o.o. se obvezuje prikupljene osobne podatke obra\u0111ivati \u200b\u200bsamo u gore definirane svrhe. U slu\u010daju da postoji potreba za drugorazrednom obradom ili prijenosom podataka tre\u0107im stranama, prethodno \u0107emo Vas kontaktirati i zatra\u017eiti Va\u0161u privolu.<br \/>Osobni podaci prikupljaju se samo onoliko dugo koliko je potrebno za postizanje svrhe za koju su prikupljeni ili daljnje kori\u0161teni, a najdu\u017ee 120 mjeseci. Nakon tog vremena Marvis trade d.o.o., Polica 34b, Si-1290 Grosuplje \u0107e ih trajno izbrisati. Ovla\u0161tena osoba za za\u0161titu osobnih podataka je Vanja Ga\u0161per\u0161i\u010d (tvrtka: Marvis trade d.o.o.). Ovla\u0161tena osoba za za\u0161titu osobnih podataka (Data Protection Officer ili skra\u0107eno DPO) je osoba koja samostalno poma\u017ee izvr\u0161itelju obrade ili voditelju osobnih podataka u osiguravanju uskla\u0111enosti obrade osobnih podataka s op\u0107im uredba o za\u0161titi osobnih podataka (GDPR) i novi zakon o za\u0161titi osobnih podataka (ZVOP-2).<\/p>\n<p><strong>Dostupnost informacija<\/strong><\/p>\n<p>Ponuditelj se obvezuje kupcu uvijek dati sljede\u0107e podatke:<br \/>\u2022 identitet tvrtke (naziv i sjedi\u0161te tvrtke, mati\u010dni broj),<br \/>\u2022 kontakt podatke koji korisniku omogu\u0107uju brzu i u\u010dinkovitu komunikaciju (e-mail, telefon),<br \/>\u2022 bitne karakteristike robe ili usluga (uklju\u010duju\u0107i usluge i jamstva nakon prodaje),<br \/>\u2022 dostupnost proizvoda (svaki proizvod ili usluga ponu\u0111ena na web stranici trebala bi biti dostupna u razumnom roku),<br \/>\u2022 uvjete isporuke proizvoda ili izvr\u0161enja usluge (na\u010din, mjesto i rok isporuke),<br \/>\u2022 sve cijene moraju biti jasno i nedvosmisleno utvr\u0111ene te mora biti jasno prikazano jesu li u njih ve\u0107 uklju\u010deni porezi i tro\u0161kovi prijevoza,<br \/>\u2022 na\u010din pla\u0107anja i dostave,<br \/>\u2022 vremenska valjanost ponude,<br \/>\u2022 rok u kojem je jo\u0161 mogu\u0107e odustati od ugovora i uvjete odustajanja; osim toga, tako\u0111er o tome ko\u0161ta li i koliko kupca vra\u0107a proizvod,<br \/>\u2022 obja\u0161njenje postupka reklamacije, uklju\u010duju\u0107i sve podatke o kontakt osobi ili slu\u017ebi za korisnike.<\/p>\n<p><strong>Odricanje<\/strong><\/p>\n<p>Sadr\u017eaj objavljen na stranicama www.kidde.si\/hr smije se koristiti i reproducirati samo u nekomercijalne svrhe, te je potrebno odr\u017eavati sve napomene o autorskim pravima. Marvis trade, d.o.o., osigurava naja\u017eurniji i najto\u010dniji sadr\u017eaj svojih web stranica, ali ne preuzima nikakva jamstva o njihovoj a\u017eurnosti i\/ili to\u010dnosti. Svi korisnici koriste sve objavljene sadr\u017eaje na vlastitu odgovornost. Tvrtka Marvis trade d.o.o. zadr\u017eava pravo izmjene uvjeta poslovanja putem web stranice www.kidde.si\/hr u bilo koje vrijeme, na bilo koji na\u010din i bez prethodnog upozorenja.<\/p>\n<p><strong>Pritu\u017ebe i sporovi<\/strong><\/p>\n<p>Tvrtka Marvis trade d.o.o. pridr\u017eava se va\u017ee\u0107ih zakona o za\u0161titi potro\u0161a\u010da i osigurava u\u010dinkovito rje\u0161avanje pritu\u017ebi. U slu\u010daju problema nazovite nas na 01 4272971, po\u0161aljite e-mail na info@marvis-trade.si ili nam pi\u0161ite na adresu: Marvis trade d.o.o. Polica 34b, SI-1290 Grosuplje. \u017dalbeni postupak je povjerljiv.<br \/>Na temelju Uredbe 524\/2013\/EU uspostavljena je jedinstvena ulazna to\u010dka za spa\u0161avanje<br \/>sporovi proiza\u0161li iz online prodaje. Klikom na poveznicu bit \u0107ete preusmjereni na<br \/>platforma Za dodatnu pomo\u0107 mo\u017eete kontaktirati Nacionalnu kontaktnu to\u010dku \u2013 Slovenija. Podaci su<br \/>navedeni u poveznici.<br \/>Podaci o upisu u upisnik s naznakom upisnika i mati\u010dnog broja<br \/>MARVIS TRADE, predstavni\u0161tvo i usluge, d.o.o.<br \/>Polica 34b<br \/>1290 Grosuplje<br \/>Mati\u010dni broj: 3841502000<br \/>ID br. za PDV: SI47191325<br \/>Zahtjev br. Srg 2010\/39937, Okru\u017eni sud u Ljubljani<br \/>Statisti\u010dka domicilna djelatnost: 46.190 (Nespecijalizirano posredovanje u prodaji raznih proizvoda)<\/p>\n<p>Grosuplje, 01.05.2024.<\/p>\n<p>&nbsp;<\/p>\n<p>[\/et_pb_text][\/et_pb_column][\/et_pb_row][\/et_pb_section]<\/p>\n","protected":false},"excerpt":{"rendered":"<p>Op\u0107enito Ovi Op\u0107i uvjeti poslovanja odnose se na prodaju proizvoda objavljenih na web stranici www.kidde.si\/hr MARVIS TRADE doo, Polica 34b, Grosuplje (u daljnjem tekstu: MARVIS TRADE doo). Op\u0107i uvjeti dostupni su na web stranici www.kidde.si\/hr, pa se smatra da je svaki potro\u0161a\u010d koji naru\u010di robu putem web stranice upoznat s njihovim cjelokupnim tekstom. Slanjem narud\u017ebe [&hellip;]<\/p>\n","protected":false},"author":1,"featured_media":0,"parent":0,"menu_order":0,"comment_status":"closed","ping_status":"closed","template":"","meta":{"_et_pb_use_builder":"on","_et_pb_old_content":"","_et_gb_content_width":"","footnotes":""},"class_list":["post-321","page","type-page","status-publish","hentry"],"_links":{"self":[{"href":"https:\/\/kidde.si\/hr\/wp-json\/wp\/v2\/pages\/321","targetHints":{"allow":["GET"]}}],"collection":[{"href":"https:\/\/kidde.si\/hr\/wp-json\/wp\/v2\/pages"}],"about":[{"href":"https:\/\/kidde.si\/hr\/wp-json\/wp\/v2\/types\/page"}],"author":[{"embeddable":true,"href":"https:\/\/kidde.si\/hr\/wp-json\/wp\/v2\/users\/1"}],"replies":[{"embeddable":true,"href":"https:\/\/kidde.si\/hr\/wp-json\/wp\/v2\/comments?post=321"}],"version-history":[{"count":10,"href":"https:\/\/kidde.si\/hr\/wp-json\/wp\/v2\/pages\/321\/revisions"}],"predecessor-version":[{"id":930,"href":"https:\/\/kidde.si\/hr\/wp-json\/wp\/v2\/pages\/321\/revisions\/930"}],"wp:attachment":[{"href":"https:\/\/kidde.si\/hr\/wp-json\/wp\/v2\/media?parent=321"}],"curies":[{"name":"wp","href":"https:\/\/api.w.org\/{rel}","templated":true}]}}