{"id":408,"date":"2024-05-04T13:49:48","date_gmt":"2024-05-04T12:49:48","guid":{"rendered":"https:\/\/kidde.si\/hr\/?page_id=408"},"modified":"2026-04-15T11:20:21","modified_gmt":"2026-04-15T10:20:21","slug":"kontaktni-podatki","status":"publish","type":"page","link":"https:\/\/kidde.si\/hr\/kontaktni-podatki\/","title":{"rendered":"Kontakt"},"content":{"rendered":"<p>[et_pb_section fb_built=&#8221;1&#8243; admin_label=&#8221;Hero&#8221; _builder_version=&#8221;4.24.3&#8243; _module_preset=&#8221;default&#8221; background_color=&#8221;#22577a&#8221; use_background_color_gradient=&#8221;on&#8221; background_color_gradient_stops=&#8221;rgba(0,0,0,0.29) 0%|rgba(255,255,255,0) 100%&#8221; background_color_gradient_overlays_image=&#8221;on&#8221; background_color_gradient_start=&#8221;rgba(0,0,0,0.5)&#8221; background_color_gradient_end=&#8221;rgba(0,0,0,0.75)&#8221; background_enable_image=&#8221;off&#8221; background_enable_mask_style=&#8221;on&#8221; background_mask_style=&#8221;diagonal&#8221; custom_padding=&#8221;14vw||14vw||true|false&#8221; locked=&#8221;off&#8221; collapsed=&#8221;on&#8221; global_colors_info=&#8221;{%22#22577a%22:%91%22background_color%22%93}&#8221;][et_pb_row column_structure=&#8221;1_2,1_2&#8243; _builder_version=&#8221;4.24.2&#8243; _module_preset=&#8221;5138c454-be54-4233-bd3b-f8e6a8747976&#8243; locked=&#8221;off&#8221; global_colors_info=&#8221;{}&#8221;][et_pb_column type=&#8221;1_2&#8243; _builder_version=&#8221;4.23.1&#8243; _module_preset=&#8221;73121f80-a3ef-4484-8763-c3f18e3c56d2&#8243; global_colors_info=&#8221;{}&#8221;][et_pb_heading title=&#8221;O tvrtki:      &#8221; _builder_version=&#8221;4.25.1&#8243; _module_preset=&#8221;ddeb8c09-9078-4424-bc15-2efb6572e28e&#8221; title_font_size=&#8221;72px&#8221; title_line_height=&#8221;1.15em&#8221; title_font_size_tablet=&#8221;40px&#8221; title_font_size_phone=&#8221;24px&#8221; locked=&#8221;off&#8221; global_colors_info=&#8221;{}&#8221;][\/et_pb_heading][et_pb_text _builder_version=&#8221;4.27.6&#8243; _module_preset=&#8221;default&#8221; hover_enabled=&#8221;0&#8243; sticky_enabled=&#8221;0&#8243;]<\/p>\n<p data-path-to-node=\"4\">Tra\u017eite pouzdane informacije o za\u0161titi od po\u017eara ili trebate savjet pri odabiru detektora? Tvrtka <b data-path-to-node=\"4\" data-index-in-node=\"98\">Marvis Trade d.o.o.<\/b> ponosni je <b data-path-to-node=\"4\" data-index-in-node=\"129\">slu\u017ebeni zastupnik i distributer<\/b> branda Kidde za hrvatsko tr\u017ei\u0161te.<\/p>\n<p data-path-to-node=\"5\">Na\u0161 tim stru\u010dnjaka stoji vam na raspolaganju za sva pitanja vezana uz:<\/p>\n<ul data-path-to-node=\"6\">\n<li>\n<p data-path-to-node=\"6,0,0\"><b data-path-to-node=\"6,0,0\" data-index-in-node=\"0\">Prodaju i distribuciju<\/b> originalnih Kidde ure\u0111aja.<\/p>\n<\/li>\n<li>\n<p data-path-to-node=\"6,1,0\"><b data-path-to-node=\"6,1,0\" data-index-in-node=\"0\">Tehni\u010dku podr\u0161ku<\/b> prilikom instalacije i aktivacije detektora.<\/p>\n<\/li>\n<li>\n<p data-path-to-node=\"6,2,0\"><b data-path-to-node=\"6,2,0\" data-index-in-node=\"0\">Savjetovanje<\/b> o pravilnom postavljanju opreme u va\u0161em domu ili poslovnom prostoru.<\/p>\n<\/li>\n<li>\n<p data-path-to-node=\"6,3,0\"><b data-path-to-node=\"6,3,0\" data-index-in-node=\"0\">Informacije o jamstvu<\/b> i servisu za sve kupljene proizvode.<\/p>\n<\/li>\n<\/ul>\n<p data-path-to-node=\"7\">Obratite nam se s povjerenjem putem donjeg obrasca, e-po\u0161te ili telefona. Va\u0161a sigurnost je na\u0161 prioritet.<\/p>\n<p>[\/et_pb_text][et_pb_text quote_border_color=&#8221;#57cc99&#8243; _builder_version=&#8221;4.25.1&#8243; _module_preset=&#8221;2c55a9c4-feed-423b-9edb-ae0b5b365cac&#8221; text_font=&#8221;Cantarell|Cantarell_weight|||||||&#8221; text_text_color=&#8221;#3c3a47&#8243; text_font_size=&#8221;16px&#8221; text_line_height=&#8221;1.75em&#8221; link_font=&#8221;|Cantarell_weight|||||||&#8221; link_text_color=&#8221;#22577a&#8221; quote_font=&#8221;Fjalla One|Fjalla One_weight|||||||&#8221; quote_text_color=&#8221;#0e0c19&#8243; header_font=&#8221;Fjalla One|Fjalla One_weight|||||||&#8221; header_text_color=&#8221;#0e0c19&#8243; header_font_size=&#8221;72px&#8221; header_line_height=&#8221;1.15em&#8221; header_2_font=&#8221;Fjalla One|Fjalla One_weight|||||||&#8221; header_2_text_color=&#8221;#0e0c19&#8243; header_2_font_size=&#8221;50px&#8221; header_2_line_height=&#8221;1.2em&#8221; header_3_font=&#8221;Fjalla One|Fjalla One_weight|||||||&#8221; header_3_text_color=&#8221;#0e0c19&#8243; header_3_font_size=&#8221;32px&#8221; header_3_line_height=&#8221;1.3em&#8221; header_4_font=&#8221;Fjalla One|Fjalla One_weight|||||||&#8221; header_4_text_color=&#8221;#0e0c19&#8243; header_4_font_size=&#8221;24px&#8221; header_4_line_height=&#8221;1.4em&#8221; header_5_font=&#8221;Fjalla One|Fjalla One_weight|||||||&#8221; header_5_text_color=&#8221;#0e0c19&#8243; header_5_font_size=&#8221;18px&#8221; header_5_line_height=&#8221;1.4em&#8221; header_6_font=&#8221;Fjalla One|Fjalla One_weight|||||||&#8221; header_6_text_color=&#8221;#0e0c19&#8243; header_6_line_height=&#8221;1.5em&#8221; custom_margin=&#8221;||||false|false&#8221; text_font_size_tablet=&#8221;15px&#8221; text_font_size_phone=&#8221;14px&#8221; text_font_size_last_edited=&#8221;on|phone&#8221; header_font_size_tablet=&#8221;40px&#8221; header_font_size_phone=&#8221;24px&#8221; header_font_size_last_edited=&#8221;on|desktop&#8221; header_2_font_size_tablet=&#8221;28px&#8221; header_2_font_size_phone=&#8221;20px&#8221; header_2_font_size_last_edited=&#8221;on|phone&#8221; header_3_font_size_tablet=&#8221;22px&#8221; header_3_font_size_phone=&#8221;17px&#8221; header_3_font_size_last_edited=&#8221;on|phone&#8221; header_4_font_size_tablet=&#8221;18px&#8221; header_4_font_size_phone=&#8221;15px&#8221; header_4_font_size_last_edited=&#8221;on|tablet&#8221; header_5_font_size_tablet=&#8221;15px&#8221; header_5_font_size_phone=&#8221;14px&#8221; header_5_font_size_last_edited=&#8221;on|desktop&#8221; header_6_font_size_tablet=&#8221;13px&#8221; header_6_font_size_phone=&#8221;13px&#8221; header_6_font_size_last_edited=&#8221;on|desktop&#8221; locked=&#8221;off&#8221; global_colors_info=&#8221;{}&#8221;]<\/p>\n<p><strong><\/strong><\/p>\n<p><strong>MARVIS TRADE d.o.o.<\/strong><\/p>\n<p><strong>Polica 34 b<\/strong><\/p>\n<p><strong>SI- 1290 Grosuplje<\/strong><\/p>\n<p><strong>Tel<\/strong>: + 386 (0)1 427 29 71<\/p>\n<p>+386 (0) 41 777 143<\/p>\n<p>+385 (0) 99 638 4426<\/p>\n<p><strong>E-mai<\/strong>l:<span>\u00a0<\/span><a href=\"mailto:info@marvis-trade.si\">info@marvis-trade.si<\/a><\/p>\n<p><a href=\"https:\/\/www.marvis-trade.si\/\" target=\"_blank\" rel=\"noopener\">www.marvis-trade.si<\/a><\/p>\n<p>Mati\u010dni broj: 3841502000<\/p>\n<p>ID \u0161t. za DDV: SI47191325<\/p>\n<p>Zapis br.Srg 2010\/39937, okru\u017eni sud u Ljubljani<\/p>\n<p>Teku\u0107i ra\u010dun u Banka Intesa Sanpaolo d. d.: SI56 1010 0004 8864 036<\/p>\n<p>[\/et_pb_text][\/et_pb_column][et_pb_column type=&#8221;1_2&#8243; _builder_version=&#8221;4.23.1&#8243; _module_preset=&#8221;73121f80-a3ef-4484-8763-c3f18e3c56d2&#8243; global_colors_info=&#8221;{}&#8221;][et_pb_image src=&#8221;https:\/\/kidde.si\/hr\/wp-content\/uploads\/sites\/3\/2024\/05\/Nikon-006.jpg&#8221; title_text=&#8221;Nikon 006&#8243; _builder_version=&#8221;4.25.0&#8243; _module_preset=&#8221;6ed8fd5c-62c5-4100-98c3-7b8b6d2c2ee6&#8243; border_radii=&#8221;on|6px|6px|6px|6px&#8221; box_shadow_style=&#8221;preset4&#8243; box_shadow_horizontal=&#8221;0px&#8221; box_shadow_vertical=&#8221;24px&#8221; box_shadow_blur=&#8221;72px&#8221; box_shadow_spread=&#8221;-12px&#8221; box_shadow_color=&#8221;rgba(0,0,0,0.12)&#8221; locked=&#8221;off&#8221; global_colors_info=&#8221;{}&#8221;][\/et_pb_image][\/et_pb_column][\/et_pb_row][\/et_pb_section]<\/p>\n","protected":false},"excerpt":{"rendered":"<p>Tra\u017eite pouzdane informacije o za\u0161titi od po\u017eara ili trebate savjet pri odabiru detektora? Tvrtka Marvis Trade d.o.o. ponosni je slu\u017ebeni zastupnik i distributer branda Kidde za hrvatsko tr\u017ei\u0161te. Na\u0161 tim stru\u010dnjaka stoji vam na raspolaganju za sva pitanja vezana uz: Prodaju i distribuciju originalnih Kidde ure\u0111aja. Tehni\u010dku podr\u0161ku prilikom instalacije i aktivacije detektora. Savjetovanje o [&hellip;]<\/p>\n","protected":false},"author":1,"featured_media":0,"parent":0,"menu_order":0,"comment_status":"closed","ping_status":"closed","template":"","meta":{"_et_pb_use_builder":"on","_et_pb_old_content":"","_et_gb_content_width":"","footnotes":""},"class_list":["post-408","page","type-page","status-publish","hentry"],"_links":{"self":[{"href":"https:\/\/kidde.si\/hr\/wp-json\/wp\/v2\/pages\/408","targetHints":{"allow":["GET"]}}],"collection":[{"href":"https:\/\/kidde.si\/hr\/wp-json\/wp\/v2\/pages"}],"about":[{"href":"https:\/\/kidde.si\/hr\/wp-json\/wp\/v2\/types\/page"}],"author":[{"embeddable":true,"href":"https:\/\/kidde.si\/hr\/wp-json\/wp\/v2\/users\/1"}],"replies":[{"embeddable":true,"href":"https:\/\/kidde.si\/hr\/wp-json\/wp\/v2\/comments?post=408"}],"version-history":[{"count":12,"href":"https:\/\/kidde.si\/hr\/wp-json\/wp\/v2\/pages\/408\/revisions"}],"predecessor-version":[{"id":932,"href":"https:\/\/kidde.si\/hr\/wp-json\/wp\/v2\/pages\/408\/revisions\/932"}],"wp:attachment":[{"href":"https:\/\/kidde.si\/hr\/wp-json\/wp\/v2\/media?parent=408"}],"curies":[{"name":"wp","href":"https:\/\/api.w.org\/{rel}","templated":true}]}}