{"id":454,"date":"2024-05-04T14:42:24","date_gmt":"2024-05-04T13:42:24","guid":{"rendered":"https:\/\/kidde.si\/hr\/?page_id=454"},"modified":"2026-04-20T16:32:03","modified_gmt":"2026-04-20T15:32:03","slug":"produkti","status":"publish","type":"page","link":"https:\/\/kidde.si\/hr\/produkti\/","title":{"rendered":"Produkti"},"content":{"rendered":"<p>[et_pb_section fb_built=&#8221;1&#8243; admin_label=&#8221;Hero&#8221; _builder_version=&#8221;4.25.0&#8243; _module_preset=&#8221;8363d3a1-7f13-4aae-8984-26124f93e21c&#8221; use_background_color_gradient=&#8221;on&#8221; background_color_gradient_type=&#8221;circular&#8221; background_color_gradient_stops=&#8221;#22577a 57%|#ffffff 80%&#8221; background_color_gradient_start=&#8221;gcid-36fd78a7-34bc-404d-873c-dafa34efaae5&#8243; background_color_gradient_start_position=&#8221;80%&#8221; background_color_gradient_end=&#8221;#ffffff&#8221; background_color_gradient_end_position=&#8221;80%&#8221; custom_margin=&#8221;||-54px|||&#8221; bottom_divider_style=&#8221;waves2&#8243; bottom_divider_color=&#8221;#FFFFFF&#8221; box_shadow_style=&#8221;preset7&#8243; box_shadow_horizontal=&#8221;0px&#8221; box_shadow_vertical=&#8221;-10vw&#8221; box_shadow_color=&#8221;#FFFFFF&#8221; locked=&#8221;off&#8221; collapsed=&#8221;on&#8221; global_colors_info=&#8221;{%22gcid-36fd78a7-34bc-404d-873c-dafa34efaae5%22:%91%22colorEnd%22%93}&#8221;][et_pb_row _builder_version=&#8221;4.23.1&#8243; _module_preset=&#8221;5138c454-be54-4233-bd3b-f8e6a8747976&#8243; max_width=&#8221;800px&#8221; global_colors_info=&#8221;{}&#8221;][et_pb_column type=&#8221;4_4&#8243; _builder_version=&#8221;4.16&#8243; _module_preset=&#8221;73121f80-a3ef-4484-8763-c3f18e3c56d2&#8243; global_colors_info=&#8221;{}&#8221;][et_pb_heading title=&#8221;Za\u0161titite svoj dom s naprednim Kidde alarmom za CO i dim&#8221; _builder_version=&#8221;4.25.1&#8243; _module_preset=&#8221;ddeb8c09-9078-4424-bc15-2efb6572e28e&#8221; title_text_align=&#8221;center&#8221; title_text_color=&#8221;#FFFFFF&#8221; title_font_size=&#8221;72px&#8221; title_line_height=&#8221;1.15em&#8221; title_font_size_tablet=&#8221;40px&#8221; title_font_size_phone=&#8221;24px&#8221; locked=&#8221;off&#8221; global_colors_info=&#8221;{}&#8221;][\/et_pb_heading][et_pb_text quote_border_color=&#8221;#FFFFFF&#8221; _builder_version=&#8221;4.25.1&#8243; _module_preset=&#8221;0504de1e-f5ff-4281-ba60-cbbe4edf98bc&#8221; text_font=&#8221;Cantarell|Cantarell_weight|||||||&#8221; text_text_color=&#8221;#FFFFFF&#8221; text_font_size=&#8221;16px&#8221; text_line_height=&#8221;1.75em&#8221; link_font=&#8221;||||on||||&#8221; link_text_color=&#8221;#FFFFFF&#8221; quote_font=&#8221;Fjalla One|Fjalla One_weight|||||||&#8221; quote_text_color=&#8221;#FFFFFF&#8221; header_font=&#8221;Fjalla One|Fjalla One_weight|||||||&#8221; header_text_color=&#8221;#FFFFFF&#8221; header_font_size=&#8221;72px&#8221; header_line_height=&#8221;1.15em&#8221; header_2_font=&#8221;Fjalla One|Fjalla One_weight|||||||&#8221; header_2_text_color=&#8221;#FFFFFF&#8221; header_2_font_size=&#8221;50px&#8221; header_2_line_height=&#8221;1.2em&#8221; header_3_font=&#8221;Fjalla One|Fjalla One_weight|||||||&#8221; header_3_text_color=&#8221;#FFFFFF&#8221; header_3_font_size=&#8221;32px&#8221; header_3_line_height=&#8221;1.3em&#8221; header_4_font=&#8221;Fjalla One|Fjalla One_weight|||||||&#8221; header_4_text_color=&#8221;#FFFFFF&#8221; header_4_font_size=&#8221;24px&#8221; header_4_line_height=&#8221;1.4em&#8221; header_5_font=&#8221;Fjalla One|Fjalla One_weight|||||||&#8221; header_5_text_color=&#8221;#FFFFFF&#8221; header_5_font_size=&#8221;18px&#8221; header_5_line_height=&#8221;1.4em&#8221; header_6_font=&#8221;Fjalla One|Fjalla One_weight|||||||&#8221; header_6_text_color=&#8221;#FFFFFF&#8221; header_6_line_height=&#8221;1.5em&#8221; text_orientation=&#8221;center&#8221; custom_margin=&#8221;||||false|false&#8221; text_font_size_tablet=&#8221;15px&#8221; text_font_size_phone=&#8221;14px&#8221; text_font_size_last_edited=&#8221;on|phone&#8221; header_font_size_tablet=&#8221;40px&#8221; header_font_size_phone=&#8221;24px&#8221; header_font_size_last_edited=&#8221;on|desktop&#8221; header_2_font_size_tablet=&#8221;28px&#8221; header_2_font_size_phone=&#8221;20px&#8221; header_2_font_size_last_edited=&#8221;on|phone&#8221; header_3_font_size_tablet=&#8221;22px&#8221; header_3_font_size_phone=&#8221;17px&#8221; header_3_font_size_last_edited=&#8221;on|phone&#8221; header_4_font_size_tablet=&#8221;18px&#8221; header_4_font_size_phone=&#8221;15px&#8221; header_4_font_size_last_edited=&#8221;on|tablet&#8221; header_5_font_size_tablet=&#8221;15px&#8221; header_5_font_size_phone=&#8221;14px&#8221; header_5_font_size_last_edited=&#8221;on|desktop&#8221; header_6_font_size_tablet=&#8221;13px&#8221; header_6_font_size_phone=&#8221;13px&#8221; header_6_font_size_last_edited=&#8221;on|desktop&#8221; locked=&#8221;off&#8221; global_colors_info=&#8221;{}&#8221;]<\/p>\n<p>Istra\u017eite najnoviju tehnologiju za\u0161tite od po\u017eara dizajniranu za vrhunsku za\u0161titu i bezbri\u017enost.<\/p>\n<p>[\/et_pb_text][\/et_pb_column][\/et_pb_row][et_pb_row _builder_version=&#8221;4.25.1&#8243; _module_preset=&#8221;5138c454-be54-4233-bd3b-f8e6a8747976&#8243; min_height=&#8221;507px&#8221; custom_padding=&#8221;||0px|||&#8221; global_colors_info=&#8221;{}&#8221;][et_pb_column type=&#8221;4_4&#8243; _builder_version=&#8221;4.16&#8243; _module_preset=&#8221;73121f80-a3ef-4484-8763-c3f18e3c56d2&#8243; global_colors_info=&#8221;{}&#8221;][et_pb_image src=&#8221;https:\/\/kidde.si\/hr\/wp-content\/uploads\/sites\/3\/2024\/05\/Kidde-new.avif&#8221; alt=&#8221;kidde proizvodi&#8221; title_text=&#8221;Kidde new&#8221; align=&#8221;center&#8221; _builder_version=&#8221;4.27.6&#8243; _module_preset=&#8221;1cc6152f-565c-4c4d-b0c9-cf8c9576c341&#8243; min_height=&#8221;423px&#8221; custom_margin=&#8221;-13px|||||&#8221; custom_padding=&#8221;17px||93px|||&#8221; border_radii=&#8221;on|6px|6px|6px|6px&#8221; box_shadow_style=&#8221;preset4&#8243; box_shadow_horizontal=&#8221;0px&#8221; box_shadow_vertical=&#8221;24px&#8221; box_shadow_blur=&#8221;72px&#8221; box_shadow_spread=&#8221;-12px&#8221; box_shadow_color=&#8221;rgba(0,0,0,0.12)&#8221; global_colors_info=&#8221;{}&#8221;][\/et_pb_image][\/et_pb_column][\/et_pb_row][\/et_pb_section][et_pb_section fb_built=&#8221;1&#8243; _builder_version=&#8221;4.25.0&#8243; _module_preset=&#8221;default&#8221; min_height=&#8221;442px&#8221; global_colors_info=&#8221;{}&#8221;][et_pb_row _builder_version=&#8221;4.25.0&#8243; _module_preset=&#8221;default&#8221; global_colors_info=&#8221;{}&#8221;][et_pb_column type=&#8221;4_4&#8243; _builder_version=&#8221;4.25.0&#8243; _module_preset=&#8221;default&#8221; global_colors_info=&#8221;{}&#8221;][et_pb_heading title=&#8221;Usporedite na\u0161e najbolje Kidde proizvode, CO i dimne alarme&#8221; _builder_version=&#8221;4.25.1&#8243; _module_preset=&#8221;c33f07d9-41e0-421a-8799-5799df695cce&#8221; title_level=&#8221;h2&#8243; title_text_align=&#8221;center&#8221; title_font_size=&#8221;50px&#8221; title_line_height=&#8221;1.2em&#8221; title_font_size_tablet=&#8221;28px&#8221; title_font_size_phone=&#8221;20px&#8221; global_colors_info=&#8221;{}&#8221;][\/et_pb_heading][et_pb_text _builder_version=&#8221;4.27.6&#8243; _module_preset=&#8221;default&#8221; global_colors_info=&#8221;{}&#8221;]<\/p>\n<p data-path-to-node=\"4\"><b data-path-to-node=\"4\" data-index-in-node=\"0\">Profesionalna oprema za za\u0161titu od po\u017eara Kidde \u2013 Slu\u017ebeno zastupstvo<\/b><\/p>\n<p data-path-to-node=\"5\">Dobrodo\u0161li u slu\u017ebenu ponudu <b data-path-to-node=\"5\" data-index-in-node=\"29\">Kidde<\/b> proizvoda, vode\u0107eg svjetskog stru\u010dnjaka za sigurnost doma. Kao <b data-path-to-node=\"5\" data-index-in-node=\"98\">slu\u017ebeni zastupnik za Hrvatsku i Sloveniju<\/b>, tvrtka Marvis Trade d.o.o. osigurava vam pristup najnovijoj tehnologiji za detekciju dima, po\u017eara i opasnog uglji\u010dnog monoksida.<\/p>\n<p data-path-to-node=\"6\">Na\u0161a misija je pru\u017eiti beskompromisnu za\u0161titu kroz vrhunske ure\u0111aje koji su pro\u0161li najstro\u017ea testiranja:<\/p>\n<ul data-path-to-node=\"7\">\n<li>\n<p data-path-to-node=\"7,0,0\"><b data-path-to-node=\"7,0,0\" data-index-in-node=\"0\">Detektori uglji\u010dnog monoksida (CO):<\/b> Visoko osjetljivi senzori s radnim vijekom do 10 godina.<\/p>\n<\/li>\n<li>\n<p data-path-to-node=\"7,1,0\"><b data-path-to-node=\"7,1,0\" data-index-in-node=\"0\">Javljiva\u010di dima:<\/b> Napredna opti\u010dka tehnologija za rano otkrivanje po\u017eara.<\/p>\n<\/li>\n<li>\n<p data-path-to-node=\"7,2,0\"><b data-path-to-node=\"7,2,0\" data-index-in-node=\"0\">Kombinirani detektori:<\/b> Jedinstvena rje\u0161enja koja istovremeno prate prisutnost dima i CO.<\/p>\n<\/li>\n<\/ul>\n<p data-path-to-node=\"8\">Svi Kidde ure\u0111aji u na\u0161oj ponudi posjeduju certifikate prema najvi\u0161im europskim standardima (<b data-path-to-node=\"8\" data-index-in-node=\"93\">EN50291, EN14604<\/b>). Osigurajte svoj dom opremom kojoj vjeruju milijuni \u2013 jer kada je u pitanju sigurnost, iskustvo i kvaliteta su presudni.<\/p>\n<p>[\/et_pb_text][\/et_pb_column][\/et_pb_row][et_pb_row column_structure=&#8221;1_2,1_2&#8243; _builder_version=&#8221;4.25.0&#8243; _module_preset=&#8221;default&#8221; global_colors_info=&#8221;{}&#8221;][et_pb_column type=&#8221;1_2&#8243; _builder_version=&#8221;4.25.0&#8243; _module_preset=&#8221;default&#8221; global_colors_info=&#8221;{}&#8221;][et_pb_button button_url=&#8221;https:\/\/kidde.si\/hr\/detektori-co-kidde\/&#8221; button_text=&#8221;Kidde detektori uglji\u010dnog monoksida (CO)&#8221; _builder_version=&#8221;4.25.1&#8243; _module_preset=&#8221;default&#8221; custom_button=&#8221;on&#8221; button_text_color=&#8221;#FFFFFF&#8221; button_bg_color=&#8221;#22577a&#8221; button_border_width=&#8221;5px&#8221; button_border_color=&#8221;#000000&#8243; button_border_radius=&#8221;30px&#8221; box_shadow_style=&#8221;preset1&#8243; box_shadow_color=&#8221;#6699cc&#8221; global_colors_info=&#8221;{%22gcid-36fd78a7-34bc-404d-873c-dafa34efaae5%22:%91%22colorStart%22%93,%22#22577a%22:%91%22background_color_gradient_stops%22%93}&#8221; background_last_edited=&#8221;on|desktop&#8221; background_color_gradient_direction_tablet=&#8221;180deg&#8221;][\/et_pb_button][\/et_pb_column][et_pb_column type=&#8221;1_2&#8243; _builder_version=&#8221;4.25.0&#8243; _module_preset=&#8221;default&#8221; global_colors_info=&#8221;{}&#8221;][et_pb_button button_url=&#8221;https:\/\/kidde.si\/hr\/detektori-dima-i-kombinirani-detektor\/&#8221; button_text=&#8221;Kidde detektori dima i kombinirani detektori&#8221; _builder_version=&#8221;4.25.1&#8243; _module_preset=&#8221;default&#8221; custom_button=&#8221;on&#8221; button_text_color=&#8221;#FFFFFF&#8221; button_bg_color=&#8221;#22577a&#8221; button_border_width=&#8221;5px&#8221; button_border_color=&#8221;#000000&#8243; button_border_radius=&#8221;30px&#8221; box_shadow_style=&#8221;preset1&#8243; box_shadow_color=&#8221;#6699cc&#8221; global_colors_info=&#8221;{%22gcid-36fd78a7-34bc-404d-873c-dafa34efaae5%22:%91%22colorStart%22%93,%22#22577a%22:%91%22background_color_gradient_stops%22%93}&#8221; background_last_edited=&#8221;on|desktop&#8221; background_color_gradient_direction_tablet=&#8221;180deg&#8221;][\/et_pb_button][\/et_pb_column][\/et_pb_row][\/et_pb_section][et_pb_section fb_built=&#8221;1&#8243; admin_label=&#8221;Call to Action&#8221; _builder_version=&#8221;4.25.0&#8243; _module_preset=&#8221;default&#8221; use_background_color_gradient=&#8221;on&#8221; background_color_gradient_direction=&#8221;145deg&#8221; background_color_gradient_stops=&#8221;#22577a 65%|rgba(255,255,255,0) 65%&#8221; background_color_gradient_start=&#8221;gcid-36fd78a7-34bc-404d-873c-dafa34efaae5&#8243; background_color_gradient_start_position=&#8221;65%&#8221; background_color_gradient_end=&#8221;rgba(255,255,255,0)&#8221; background_color_gradient_end_position=&#8221;65%&#8221; background_last_edited=&#8221;on|desktop&#8221; background_color_gradient_direction_tablet=&#8221;180deg&#8221; locked=&#8221;off&#8221; collapsed=&#8221;on&#8221; global_colors_info=&#8221;{%22gcid-36fd78a7-34bc-404d-873c-dafa34efaae5%22:%91%22colorStart%22%93,%22#22577a%22:%91%22background_color_gradient_stops%22%93}&#8221;][et_pb_row column_structure=&#8221;3_5,2_5&#8243; _builder_version=&#8221;4.25.0&#8243; _module_preset=&#8221;5138c454-be54-4233-bd3b-f8e6a8747976&#8243; global_colors_info=&#8221;{}&#8221;][et_pb_column type=&#8221;3_5&#8243; _builder_version=&#8221;4.16&#8243; _module_preset=&#8221;73121f80-a3ef-4484-8763-c3f18e3c56d2&#8243; global_colors_info=&#8221;{}&#8221;][et_pb_heading title=&#8221;Pobrinite se za svoju sigurnost uz Kidde detektore&#8221; _builder_version=&#8221;4.25.1&#8243; _module_preset=&#8221;c33f07d9-41e0-421a-8799-5799df695cce&#8221; title_level=&#8221;h2&#8243; title_text_color=&#8221;#FFFFFF&#8221; title_font_size=&#8221;50px&#8221; title_line_height=&#8221;1.2em&#8221; title_font_size_tablet=&#8221;28px&#8221; title_font_size_phone=&#8221;20px&#8221; locked=&#8221;off&#8221; global_colors_info=&#8221;{}&#8221;][\/et_pb_heading][et_pb_text quote_border_color=&#8221;#FFFFFF&#8221; _builder_version=&#8221;4.25.1&#8243; _module_preset=&#8221;0504de1e-f5ff-4281-ba60-cbbe4edf98bc&#8221; text_font=&#8221;Cantarell|Cantarell_weight|||||||&#8221; text_text_color=&#8221;#FFFFFF&#8221; text_font_size=&#8221;16px&#8221; text_line_height=&#8221;1.75em&#8221; link_font=&#8221;||||on||||&#8221; link_text_color=&#8221;#FFFFFF&#8221; quote_font=&#8221;Fjalla One|Fjalla One_weight|||||||&#8221; quote_text_color=&#8221;#FFFFFF&#8221; header_font=&#8221;Fjalla One|Fjalla One_weight|||||||&#8221; header_text_color=&#8221;#FFFFFF&#8221; header_font_size=&#8221;72px&#8221; header_line_height=&#8221;1.15em&#8221; header_2_font=&#8221;Fjalla One|Fjalla One_weight|||||||&#8221; header_2_text_color=&#8221;#FFFFFF&#8221; header_2_font_size=&#8221;50px&#8221; header_2_line_height=&#8221;1.2em&#8221; header_3_font=&#8221;Fjalla One|Fjalla One_weight|||||||&#8221; header_3_text_color=&#8221;#FFFFFF&#8221; header_3_font_size=&#8221;32px&#8221; header_3_line_height=&#8221;1.3em&#8221; header_4_font=&#8221;Fjalla One|Fjalla One_weight|||||||&#8221; header_4_text_color=&#8221;#FFFFFF&#8221; header_4_font_size=&#8221;24px&#8221; header_4_line_height=&#8221;1.4em&#8221; header_5_font=&#8221;Fjalla One|Fjalla One_weight|||||||&#8221; header_5_text_color=&#8221;#FFFFFF&#8221; header_5_font_size=&#8221;18px&#8221; header_5_line_height=&#8221;1.4em&#8221; header_6_font=&#8221;Fjalla One|Fjalla One_weight|||||||&#8221; header_6_text_color=&#8221;#FFFFFF&#8221; header_6_line_height=&#8221;1.5em&#8221; custom_margin=&#8221;||||false|false&#8221; text_font_size_tablet=&#8221;15px&#8221; text_font_size_phone=&#8221;14px&#8221; text_font_size_last_edited=&#8221;on|phone&#8221; header_font_size_tablet=&#8221;40px&#8221; header_font_size_phone=&#8221;24px&#8221; header_font_size_last_edited=&#8221;on|desktop&#8221; header_2_font_size_tablet=&#8221;28px&#8221; header_2_font_size_phone=&#8221;20px&#8221; header_2_font_size_last_edited=&#8221;on|phone&#8221; header_3_font_size_tablet=&#8221;22px&#8221; header_3_font_size_phone=&#8221;17px&#8221; header_3_font_size_last_edited=&#8221;on|phone&#8221; header_4_font_size_tablet=&#8221;18px&#8221; header_4_font_size_phone=&#8221;15px&#8221; header_4_font_size_last_edited=&#8221;on|tablet&#8221; header_5_font_size_tablet=&#8221;15px&#8221; header_5_font_size_phone=&#8221;14px&#8221; header_5_font_size_last_edited=&#8221;on|desktop&#8221; header_6_font_size_tablet=&#8221;13px&#8221; header_6_font_size_phone=&#8221;13px&#8221; header_6_font_size_last_edited=&#8221;on|desktop&#8221; locked=&#8221;off&#8221; global_colors_info=&#8221;{}&#8221;]<\/p>\n<p>Ne ugro\u017eavajte sigurnost. Istra\u017eite mogu\u0107nost instaliranja Kidde sigurnosnih proizvoda danas i za\u0161titite ono \u0161to je najva\u017enije.<\/p>\n<p>[\/et_pb_text][et_pb_button button_url=&#8221;https:\/\/kidde.si\/hr\/upute-za-instalaciju\/&#8221; button_text=&#8221;Saznajte vi\u0161e o preporu\u010denim lokacijama za detektore Kidde&#8221; _builder_version=&#8221;4.27.6&#8243; _module_preset=&#8221;ab15fb74-61a3-43aa-96b3-41e09aeef654&#8243; custom_button=&#8221;on&#8221; button_text_size=&#8221;14px&#8221; button_text_color=&#8221;#22577a&#8221; button_bg_color=&#8221;#FFFFFF&#8221; button_border_width=&#8221;0px&#8221; button_border_radius=&#8221;100px&#8221; button_font=&#8221;Cantarell|700|||||||&#8221; custom_padding=&#8221;12px|24px|12px|24px|true|true&#8221; hover_enabled=&#8221;0&#8243; locked=&#8221;off&#8221; global_colors_info=&#8221;{}&#8221; sticky_enabled=&#8221;0&#8243;][\/et_pb_button][\/et_pb_column][et_pb_column type=&#8221;2_5&#8243; _builder_version=&#8221;4.16&#8243; _module_preset=&#8221;73121f80-a3ef-4484-8763-c3f18e3c56d2&#8243; global_colors_info=&#8221;{}&#8221;][et_pb_image src=&#8221;https:\/\/kidde.si\/hr\/wp-content\/uploads\/sites\/3\/2024\/05\/0-8f865580-470b-49d6-90c6-ff7611229e1c-1080&#215;600.jpg&#8221; title_text=&#8221;0-8f865580-470b-49d6-90c6-ff7611229e1c-1080&#215;600&#8243; _builder_version=&#8221;4.25.0&#8243; _module_preset=&#8221;6ed8fd5c-62c5-4100-98c3-7b8b6d2c2ee6&#8243; border_radii=&#8221;on|6px|6px|6px|6px&#8221; global_colors_info=&#8221;{}&#8221;][\/et_pb_image][\/et_pb_column][\/et_pb_row][\/et_pb_section]<\/p>\n","protected":false},"excerpt":{"rendered":"<p>Istra\u017eite najnoviju tehnologiju za\u0161tite od po\u017eara dizajniranu za vrhunsku za\u0161titu i bezbri\u017enost.Profesionalna oprema za za\u0161titu od po\u017eara Kidde \u2013 Slu\u017ebeno zastupstvo Dobrodo\u0161li u slu\u017ebenu ponudu Kidde proizvoda, vode\u0107eg svjetskog stru\u010dnjaka za sigurnost doma. Kao slu\u017ebeni zastupnik za Hrvatsku i Sloveniju, tvrtka Marvis Trade d.o.o. osigurava vam pristup najnovijoj tehnologiji za detekciju dima, po\u017eara i opasnog [&hellip;]<\/p>\n","protected":false},"author":1,"featured_media":0,"parent":0,"menu_order":0,"comment_status":"closed","ping_status":"closed","template":"","meta":{"_et_pb_use_builder":"on","_et_pb_old_content":"","_et_gb_content_width":"","footnotes":""},"class_list":["post-454","page","type-page","status-publish","hentry"],"_links":{"self":[{"href":"https:\/\/kidde.si\/hr\/wp-json\/wp\/v2\/pages\/454","targetHints":{"allow":["GET"]}}],"collection":[{"href":"https:\/\/kidde.si\/hr\/wp-json\/wp\/v2\/pages"}],"about":[{"href":"https:\/\/kidde.si\/hr\/wp-json\/wp\/v2\/types\/page"}],"author":[{"embeddable":true,"href":"https:\/\/kidde.si\/hr\/wp-json\/wp\/v2\/users\/1"}],"replies":[{"embeddable":true,"href":"https:\/\/kidde.si\/hr\/wp-json\/wp\/v2\/comments?post=454"}],"version-history":[{"count":17,"href":"https:\/\/kidde.si\/hr\/wp-json\/wp\/v2\/pages\/454\/revisions"}],"predecessor-version":[{"id":937,"href":"https:\/\/kidde.si\/hr\/wp-json\/wp\/v2\/pages\/454\/revisions\/937"}],"wp:attachment":[{"href":"https:\/\/kidde.si\/hr\/wp-json\/wp\/v2\/media?parent=454"}],"curies":[{"name":"wp","href":"https:\/\/api.w.org\/{rel}","templated":true}]}}